{"id":2004,"date":"2026-04-27T14:52:54","date_gmt":"2026-04-27T13:52:54","guid":{"rendered":"https:\/\/icp-it.dk\/?page_id=2004"},"modified":"2026-05-12T09:24:54","modified_gmt":"2026-05-12T08:24:54","slug":"tjenester","status":"publish","type":"page","link":"https:\/\/icp-it.dk\/da\/services\/","title":{"rendered":"Tjenester"},"content":{"rendered":"<div data-elementor-type=\"wp-page\" data-elementor-id=\"2004\" class=\"elementor elementor-2004\" data-elementor-post-type=\"page\">\n\t\t\t\t<div class=\"elementor-element elementor-element-7e0ac3eb e-flex e-con-boxed e-con e-parent\" data-id=\"7e0ac3eb\" data-element_type=\"container\" data-e-type=\"container\" data-settings=\"{&quot;background_background&quot;:&quot;gradient&quot;}\">\n\t\t\t\t\t<div class=\"e-con-inner\">\n\t\t<div class=\"elementor-element elementor-element-1aa1a874 e-con-full e-flex e-con e-child\" data-id=\"1aa1a874\" data-element_type=\"container\" data-e-type=\"container\" data-settings=\"{&quot;background_background&quot;:&quot;classic&quot;}\">\n\t\t\t\t<div class=\"elementor-element elementor-element-181c1ed4 elementor-widget elementor-widget-heading\" data-id=\"181c1ed4\" data-element_type=\"widget\" data-e-type=\"widget\" data-widget_type=\"heading.default\">\n\t\t\t\t<div class=\"elementor-widget-container\">\n\t\t\t\t\t<h1 class=\"elementor-heading-title elementor-size-default\">Teknologitjenester til skalerbar forretningsv\u00e6kst<\/h1>\t\t\t\t<\/div>\n\t\t\t\t<\/div>\n\t\t\t\t<div class=\"elementor-element elementor-element-b5b34c5 elementor-widget elementor-widget-text-editor\" data-id=\"b5b34c5\" data-element_type=\"widget\" data-e-type=\"widget\" data-widget_type=\"text-editor.default\">\n\t\t\t\t<div class=\"elementor-widget-container\">\n\t\t\t\t\t\t\t\t\t<p data-start=\"917\" data-end=\"1210\">Intelligente l\u00f8sninger designet til at skalere.<\/p><p data-start=\"917\" data-end=\"1210\">Vi leverer <strong>AI<\/strong>, <strong>web<\/strong>, og <strong>tilpasset softwareudvikling<\/strong> som automatiserer kompleksitet og <strong>accelererer effektiviteten<\/strong>.<\/p>\t\t\t\t\t\t\t\t<\/div>\n\t\t\t\t<\/div>\n\t\t\t\t<div class=\"elementor-element elementor-element-3f3c20ba elementor-widget elementor-widget-button\" data-id=\"3f3c20ba\" data-element_type=\"widget\" data-e-type=\"widget\" data-widget_type=\"button.default\">\n\t\t\t\t<div class=\"elementor-widget-container\">\n\t\t\t\t\t\t\t\t\t<div class=\"elementor-button-wrapper\">\n\t\t\t\t\t<a class=\"elementor-button elementor-button-link elementor-size-sm\" href=\"\/da\/kontakt\/\">\n\t\t\t\t\t\t<span class=\"elementor-button-content-wrapper\">\n\t\t\t\t\t\t<span class=\"elementor-button-icon\">\n\t\t\t\t<i aria-hidden=\"true\" class=\"fas fa-arrow-right\"><\/i>\t\t\t<\/span>\n\t\t\t\t\t\t\t\t\t<span class=\"elementor-button-text\">Kom i kontakt<\/span>\n\t\t\t\t\t<\/span>\n\t\t\t\t\t<\/a>\n\t\t\t\t<\/div>\n\t\t\t\t\t\t\t\t<\/div>\n\t\t\t\t<\/div>\n\t\t\t\t<\/div>\n\t\t\t\t\t<\/div>\n\t\t\t\t<\/div>\n\t\t<div class=\"elementor-element elementor-element-3da9bcb1 e-flex e-con-boxed e-con e-parent\" data-id=\"3da9bcb1\" data-element_type=\"container\" data-e-type=\"container\" data-settings=\"{&quot;background_background&quot;:&quot;classic&quot;}\">\n\t\t\t\t\t<div class=\"e-con-inner\">\n\t\t<div class=\"elementor-element elementor-element-4ca88632 e-con-full e-flex e-con e-child\" data-id=\"4ca88632\" data-element_type=\"container\" data-e-type=\"container\" data-settings=\"{&quot;background_background&quot;:&quot;classic&quot;}\">\n\t\t<div class=\"elementor-element elementor-element-ddb0b3b e-con-full e-flex e-con e-child\" data-id=\"ddb0b3b\" data-element_type=\"container\" data-e-type=\"container\" data-settings=\"{&quot;background_background&quot;:&quot;classic&quot;}\">\n\t\t\t\t<div class=\"elementor-element elementor-element-11c9adcc elementor-widget elementor-widget-heading\" data-id=\"11c9adcc\" data-element_type=\"widget\" data-e-type=\"widget\" id=\"ai-development\" data-widget_type=\"heading.default\">\n\t\t\t\t<div class=\"elementor-widget-container\">\n\t\t\t\t\t<h2 class=\"elementor-heading-title elementor-size-default\">AI Udviklingstjenester<\/h2>\t\t\t\t<\/div>\n\t\t\t\t<\/div>\n\t\t\t\t<div class=\"elementor-element elementor-element-2f59df35 elementor-widget elementor-widget-heading\" data-id=\"2f59df35\" data-element_type=\"widget\" data-e-type=\"widget\" data-widget_type=\"heading.default\">\n\t\t\t\t<div class=\"elementor-widget-container\">\n\t\t\t\t\t<h3 class=\"elementor-heading-title elementor-size-default\">Intelligente systemer, der driver smartere beslutninger<\/h3>\t\t\t\t<\/div>\n\t\t\t\t<\/div>\n\t\t\t\t<div class=\"elementor-element elementor-element-265109a elementor-widget elementor-widget-text-editor\" data-id=\"265109a\" data-element_type=\"widget\" data-e-type=\"widget\" data-widget_type=\"text-editor.default\">\n\t\t\t\t<div class=\"elementor-widget-container\">\n\t\t\t\t\t\t\t\t\t<p data-start=\"1318\" data-end=\"1572\">Vi leverer <strong data-start=\"1329\" data-end=\"1356\">AI-udviklingstjenester<\/strong> der hj\u00e6lper virksomheder med at automatisere processer, analysere data og forbedre beslutningstagning. Fra <strong data-start=\"1446\" data-end=\"1478\">maskinl\u00e6ringsintegration<\/strong> til <strong data-start=\"1482\" data-end=\"1506\">pr\u00e6diktiv analyse<\/strong>, vores l\u00f8sninger er designet til at levere m\u00e5lbar forretningsm\u00e6ssig v\u00e6rdi.<\/p>\t\t\t\t\t\t\t\t<\/div>\n\t\t\t\t<\/div>\n\t\t<div class=\"elementor-element elementor-element-42c1fcc1 e-con-full e-flex e-con e-child\" data-id=\"42c1fcc1\" data-element_type=\"container\" data-e-type=\"container\">\n\t\t\t\t<div class=\"elementor-element elementor-element-32425999 elementor-widget elementor-widget-heading\" data-id=\"32425999\" data-element_type=\"widget\" data-e-type=\"widget\" data-widget_type=\"heading.default\">\n\t\t\t\t<div class=\"elementor-widget-container\">\n\t\t\t\t\t<h3 class=\"elementor-heading-title elementor-size-default\">Hvad vi leverer<\/h3>\t\t\t\t<\/div>\n\t\t\t\t<\/div>\n\t\t\t\t<div class=\"elementor-element elementor-element-0ee6063 elementor-widget elementor-widget-text-editor\" data-id=\"0ee6063\" data-element_type=\"widget\" data-e-type=\"widget\" data-widget_type=\"text-editor.default\">\n\t\t\t\t<div class=\"elementor-widget-container\">\n\t\t\t\t\t\t\t\t\t<ul><li>AI-strategi og r\u00e5dgivning<\/li><li>Procesautomatisering<\/li><li>Pr\u00e6diktiv analyse og prognoser<\/li><li>Maskinl\u00e6ringsintegration<\/li><li>Brugerdefinerede AI-drevne applikationer<\/li><\/ul>\t\t\t\t\t\t\t\t<\/div>\n\t\t\t\t<\/div>\n\t\t\t\t<div class=\"elementor-element elementor-element-e1a345b elementor-widget-divider--view-line elementor-widget elementor-widget-divider\" data-id=\"e1a345b\" data-element_type=\"widget\" data-e-type=\"widget\" data-widget_type=\"divider.default\">\n\t\t\t\t<div class=\"elementor-widget-container\">\n\t\t\t\t\t\t\t<div class=\"elementor-divider\">\n\t\t\t<span class=\"elementor-divider-separator\">\n\t\t\t\t\t\t<\/span>\n\t\t<\/div>\n\t\t\t\t\t\t<\/div>\n\t\t\t\t<\/div>\n\t\t\t\t<div class=\"elementor-element elementor-element-4a76405 elementor-widget elementor-widget-text-editor\" data-id=\"4a76405\" data-element_type=\"widget\" data-e-type=\"widget\" data-widget_type=\"text-editor.default\">\n\t\t\t\t<div class=\"elementor-widget-container\">\n\t\t\t\t\t\t\t\t\t<p>Om du har brug for <strong data-start=\"1591\" data-end=\"1613\">skr\u00e6ddersyet AI-software<\/strong> eller integration i eksisterende systemer, bygger vi skalerbare og effektive AI-drevne applikationer skr\u00e6ddersyet til dine behov.<\/p>\t\t\t\t\t\t\t\t<\/div>\n\t\t\t\t<\/div>\n\t\t\t\t<\/div>\n\t\t\t\t<\/div>\n\t\t\t\t<\/div>\n\t\t<div class=\"elementor-element elementor-element-ac5f68f e-con-full e-flex e-con e-child\" data-id=\"ac5f68f\" data-element_type=\"container\" data-e-type=\"container\" data-settings=\"{&quot;background_background&quot;:&quot;classic&quot;}\">\n\t\t\t\t<\/div>\n\t\t\t\t\t<\/div>\n\t\t\t\t<\/div>\n\t\t<div class=\"elementor-element elementor-element-1150e38e e-flex e-con-boxed e-con e-parent\" data-id=\"1150e38e\" data-element_type=\"container\" data-e-type=\"container\" data-settings=\"{&quot;background_background&quot;:&quot;classic&quot;}\">\n\t\t\t\t\t<div class=\"e-con-inner\">\n\t\t<div class=\"elementor-element elementor-element-4fbc11b3 e-con-full e-flex e-con e-child\" data-id=\"4fbc11b3\" data-element_type=\"container\" data-e-type=\"container\" data-settings=\"{&quot;background_background&quot;:&quot;classic&quot;}\">\n\t\t<div class=\"elementor-element elementor-element-20203354 e-con-full e-flex e-con e-child\" data-id=\"20203354\" data-element_type=\"container\" data-e-type=\"container\" data-settings=\"{&quot;background_background&quot;:&quot;classic&quot;}\">\n\t\t\t\t<div class=\"elementor-element elementor-element-ce0a98e elementor-widget elementor-widget-heading\" data-id=\"ce0a98e\" data-element_type=\"widget\" data-e-type=\"widget\" id=\"web-development\" data-widget_type=\"heading.default\">\n\t\t\t\t<div class=\"elementor-widget-container\">\n\t\t\t\t\t<h2 class=\"elementor-heading-title elementor-size-default\">Webudviklingstjenester<\/h2>\t\t\t\t<\/div>\n\t\t\t\t<\/div>\n\t\t\t\t<div class=\"elementor-element elementor-element-22fb2e42 elementor-widget elementor-widget-heading\" data-id=\"22fb2e42\" data-element_type=\"widget\" data-e-type=\"widget\" data-widget_type=\"heading.default\">\n\t\t\t\t<div class=\"elementor-widget-container\">\n\t\t\t\t\t<h3 class=\"elementor-heading-title elementor-size-default\">H\u00f8jtydende webapplikationer og websteder<\/h3>\t\t\t\t<\/div>\n\t\t\t\t<\/div>\n\t\t\t\t<div class=\"elementor-element elementor-element-c576493 elementor-widget elementor-widget-text-editor\" data-id=\"c576493\" data-element_type=\"widget\" data-e-type=\"widget\" data-widget_type=\"text-editor.default\">\n\t\t\t\t<div class=\"elementor-widget-container\">\n\t\t\t\t\t\t\t\t\t<p data-start=\"2026\" data-end=\"2273\">Vi leverer <strong data-start=\"2037\" data-end=\"2065\">webudviklingstjenester<\/strong> fokuseret p\u00e5 <b>bygger hurtigt<\/b>, <b>sikker<\/b>, og <b>skalerbare digitale platforme<\/b>.<\/p><p data-start=\"2026\" data-end=\"2273\">Vores l\u00f8sninger omfatter <strong data-start=\"2154\" data-end=\"2181\">Tilpassede webapplikationer<\/strong>, <b>forretningswebsteder<\/b>, og <b>avancerede websystemer<\/b> <b>\u2014<\/b> <b>optimeret til ydeevne og brugeroplevelse<\/b>.<\/p>\t\t\t\t\t\t\t\t<\/div>\n\t\t\t\t<\/div>\n\t\t<div class=\"elementor-element elementor-element-271e837 e-con-full e-flex e-con e-child\" data-id=\"271e837\" data-element_type=\"container\" data-e-type=\"container\">\n\t\t\t\t<div class=\"elementor-element elementor-element-4824b094 elementor-widget elementor-widget-heading\" data-id=\"4824b094\" data-element_type=\"widget\" data-e-type=\"widget\" data-widget_type=\"heading.default\">\n\t\t\t\t<div class=\"elementor-widget-container\">\n\t\t\t\t\t<h3 class=\"elementor-heading-title elementor-size-default\">Hvad vi leverer<\/h3>\t\t\t\t<\/div>\n\t\t\t\t<\/div>\n\t\t\t\t<div class=\"elementor-element elementor-element-6eb60fe1 elementor-widget elementor-widget-text-editor\" data-id=\"6eb60fe1\" data-element_type=\"widget\" data-e-type=\"widget\" data-widget_type=\"text-editor.default\">\n\t\t\t\t<div class=\"elementor-widget-container\">\n\t\t\t\t\t\t\t\t\t<ul><li data-section-id=\"jw48ci\" data-start=\"2402\" data-end=\"2440\">Brugerdefineret webapplikationsudvikling<\/li><li data-section-id=\"1ui2jzi\" data-start=\"2441\" data-end=\"2476\">Forretnings- og virksomhedshjemmesider<\/li><li data-section-id=\"ya89fq\" data-start=\"2477\" data-end=\"2496\">CMS-udvikling<\/li><li data-section-id=\"1te53iv\" data-start=\"2497\" data-end=\"2521\">E-handelsl\u00f8sninger<\/li><li data-section-id=\"1aut8gz\" data-start=\"2522\" data-end=\"2550\">API-drevne webplatforme<\/li><\/ul>\t\t\t\t\t\t\t\t<\/div>\n\t\t\t\t<\/div>\n\t\t\t\t<div class=\"elementor-element elementor-element-23a53c1 elementor-widget-divider--view-line elementor-widget elementor-widget-divider\" data-id=\"23a53c1\" data-element_type=\"widget\" data-e-type=\"widget\" data-widget_type=\"divider.default\">\n\t\t\t\t<div class=\"elementor-widget-container\">\n\t\t\t\t\t\t\t<div class=\"elementor-divider\">\n\t\t\t<span class=\"elementor-divider-separator\">\n\t\t\t\t\t\t<\/span>\n\t\t<\/div>\n\t\t\t\t\t\t<\/div>\n\t\t\t\t<\/div>\n\t\t\t\t<div class=\"elementor-element elementor-element-202abcb elementor-widget elementor-widget-text-editor\" data-id=\"202abcb\" data-element_type=\"widget\" data-e-type=\"widget\" data-widget_type=\"text-editor.default\">\n\t\t\t\t<div class=\"elementor-widget-container\">\n\t\t\t\t\t\t\t\t\t<p>Vi sikrer, at din platform er bygget med moderne teknologier og best practices for langsigtet skalerbarhed.<\/p>\t\t\t\t\t\t\t\t<\/div>\n\t\t\t\t<\/div>\n\t\t\t\t<\/div>\n\t\t\t\t<\/div>\n\t\t\t\t<\/div>\n\t\t<div class=\"elementor-element elementor-element-3ae4dcf1 e-con-full e-flex e-con e-child\" data-id=\"3ae4dcf1\" data-element_type=\"container\" data-e-type=\"container\" data-settings=\"{&quot;background_background&quot;:&quot;classic&quot;}\">\n\t\t\t\t<\/div>\n\t\t\t\t\t<\/div>\n\t\t\t\t<\/div>\n\t\t<div class=\"elementor-element elementor-element-1b177c43 e-flex e-con-boxed e-con e-parent\" data-id=\"1b177c43\" data-element_type=\"container\" data-e-type=\"container\" data-settings=\"{&quot;background_background&quot;:&quot;classic&quot;}\">\n\t\t\t\t\t<div class=\"e-con-inner\">\n\t\t<div class=\"elementor-element elementor-element-709963ec e-con-full e-flex e-con e-child\" data-id=\"709963ec\" data-element_type=\"container\" data-e-type=\"container\" data-settings=\"{&quot;background_background&quot;:&quot;classic&quot;}\">\n\t\t<div class=\"elementor-element elementor-element-3caf50c1 e-con-full e-flex e-con e-child\" data-id=\"3caf50c1\" data-element_type=\"container\" data-e-type=\"container\" data-settings=\"{&quot;background_background&quot;:&quot;classic&quot;}\">\n\t\t\t\t<div class=\"elementor-element elementor-element-6a33e3c2 elementor-widget elementor-widget-heading\" data-id=\"6a33e3c2\" data-element_type=\"widget\" data-e-type=\"widget\" id=\"software-development\" data-widget_type=\"heading.default\">\n\t\t\t\t<div class=\"elementor-widget-container\">\n\t\t\t\t\t<h2 class=\"elementor-heading-title elementor-size-default\">Tilpassede softwareudviklingstjenester<\/h2>\t\t\t\t<\/div>\n\t\t\t\t<\/div>\n\t\t\t\t<div class=\"elementor-element elementor-element-5c9bd476 elementor-widget elementor-widget-heading\" data-id=\"5c9bd476\" data-element_type=\"widget\" data-e-type=\"widget\" data-widget_type=\"heading.default\">\n\t\t\t\t<div class=\"elementor-widget-container\">\n\t\t\t\t\t<h3 class=\"elementor-heading-title elementor-size-default\">Software Bygget Omkring Dine Forretningsbehov<\/h3>\t\t\t\t<\/div>\n\t\t\t\t<\/div>\n\t\t\t\t<div class=\"elementor-element elementor-element-7fc8fd68 elementor-widget elementor-widget-text-editor\" data-id=\"7fc8fd68\" data-element_type=\"widget\" data-e-type=\"widget\" data-widget_type=\"text-editor.default\">\n\t\t\t\t<div class=\"elementor-widget-container\">\n\t\t\t\t\t\t\t\t\t<p data-start=\"2672\" data-end=\"2877\">Vi tilbyder <strong data-start=\"2681\" data-end=\"2721\">skr\u00e6ddersyede softwareudviklingstjenester<\/strong> designet til at str\u00f8mline drift og forbedre effektiviteten. Vores l\u00f8sninger er skr\u00e6ddersyet til dine arbejdsgange og bygget til skalerbarhed og langsigtet ydeevne.<\/p>\t\t\t\t\t\t\t\t<\/div>\n\t\t\t\t<\/div>\n\t\t<div class=\"elementor-element elementor-element-2fe4bf04 e-con-full e-flex e-con e-child\" data-id=\"2fe4bf04\" data-element_type=\"container\" data-e-type=\"container\">\n\t\t\t\t<div class=\"elementor-element elementor-element-1b105c4e elementor-widget elementor-widget-heading\" data-id=\"1b105c4e\" data-element_type=\"widget\" data-e-type=\"widget\" data-widget_type=\"heading.default\">\n\t\t\t\t<div class=\"elementor-widget-container\">\n\t\t\t\t\t<h3 class=\"elementor-heading-title elementor-size-default\">Hvad vi leverer<\/h3>\t\t\t\t<\/div>\n\t\t\t\t<\/div>\n\t\t\t\t<div class=\"elementor-element elementor-element-11e6545b elementor-widget elementor-widget-text-editor\" data-id=\"11e6545b\" data-element_type=\"widget\" data-e-type=\"widget\" data-widget_type=\"text-editor.default\">\n\t\t\t\t<div class=\"elementor-widget-container\">\n\t\t\t\t\t\t\t\t\t<ul><li>Erhvervssoftwareudvikling<\/li><li>Desktop-applikationer<\/li><li>Mobilapplikationer<\/li><li>Systemintegrationer<\/li><li>Modernisering af \u00e6ldre systemer<\/li><\/ul>\t\t\t\t\t\t\t\t<\/div>\n\t\t\t\t<\/div>\n\t\t\t\t<div class=\"elementor-element elementor-element-788111a elementor-widget-divider--view-line elementor-widget elementor-widget-divider\" data-id=\"788111a\" data-element_type=\"widget\" data-e-type=\"widget\" data-widget_type=\"divider.default\">\n\t\t\t\t<div class=\"elementor-widget-container\">\n\t\t\t\t\t\t\t<div class=\"elementor-divider\">\n\t\t\t<span class=\"elementor-divider-separator\">\n\t\t\t\t\t\t<\/span>\n\t\t<\/div>\n\t\t\t\t\t\t<\/div>\n\t\t\t\t<\/div>\n\t\t\t\t<div class=\"elementor-element elementor-element-de83fe6 elementor-widget elementor-widget-text-editor\" data-id=\"de83fe6\" data-element_type=\"widget\" data-e-type=\"widget\" data-widget_type=\"text-editor.default\">\n\t\t\t\t<div class=\"elementor-widget-container\">\n\t\t\t\t\t\t\t\t\t<p>Fra enterprise-systemer til mobile og desktop-applikationer leverer vi p\u00e5lidelige og vedligeholdelige softwarel\u00f8sninger.<\/p>\t\t\t\t\t\t\t\t<\/div>\n\t\t\t\t<\/div>\n\t\t\t\t<\/div>\n\t\t\t\t<\/div>\n\t\t\t\t<\/div>\n\t\t<div class=\"elementor-element elementor-element-1e582e68 e-con-full e-flex e-con e-child\" data-id=\"1e582e68\" data-element_type=\"container\" data-e-type=\"container\" data-settings=\"{&quot;background_background&quot;:&quot;classic&quot;}\">\n\t\t\t\t<\/div>\n\t\t\t\t\t<\/div>\n\t\t\t\t<\/div>\n\t\t<div class=\"elementor-element elementor-element-8812c2a e-flex e-con-boxed e-con e-parent\" data-id=\"8812c2a\" data-element_type=\"container\" data-e-type=\"container\" data-settings=\"{&quot;background_background&quot;:&quot;classic&quot;}\">\n\t\t\t\t\t<div class=\"e-con-inner\">\n\t\t<div class=\"elementor-element elementor-element-7d3b37ba e-con-full e-flex e-con e-child\" data-id=\"7d3b37ba\" data-element_type=\"container\" data-e-type=\"container\" data-settings=\"{&quot;background_background&quot;:&quot;classic&quot;}\">\n\t\t<div class=\"elementor-element elementor-element-512e0173 e-con-full e-flex e-con e-child\" data-id=\"512e0173\" data-element_type=\"container\" data-e-type=\"container\" data-settings=\"{&quot;background_background&quot;:&quot;classic&quot;}\">\n\t\t\t\t<div class=\"elementor-element elementor-element-7d2078cc elementor-widget elementor-widget-heading\" data-id=\"7d2078cc\" data-element_type=\"widget\" data-e-type=\"widget\" id=\"it-services\" data-widget_type=\"heading.default\">\n\t\t\t\t<div class=\"elementor-widget-container\">\n\t\t\t\t\t<h2 class=\"elementor-heading-title elementor-size-default\">IT-r\u00e5dgivning og infrastrukturydelser<\/h2>\t\t\t\t<\/div>\n\t\t\t\t<\/div>\n\t\t\t\t<div class=\"elementor-element elementor-element-757eab75 elementor-widget elementor-widget-heading\" data-id=\"757eab75\" data-element_type=\"widget\" data-e-type=\"widget\" data-widget_type=\"heading.default\">\n\t\t\t\t<div class=\"elementor-widget-container\">\n\t\t\t\t\t<h3 class=\"elementor-heading-title elementor-size-default\">Sikre og skalerbare IT-l\u00f8sninger<\/h3>\t\t\t\t<\/div>\n\t\t\t\t<\/div>\n\t\t\t\t<div class=\"elementor-element elementor-element-2e5a5166 elementor-widget elementor-widget-text-editor\" data-id=\"2e5a5166\" data-element_type=\"widget\" data-e-type=\"widget\" data-widget_type=\"text-editor.default\">\n\t\t\t\t<div class=\"elementor-widget-container\">\n\t\t\t\t\t\t\t\t\t<p data-start=\"3288\" data-end=\"3508\">Vores <strong data-start=\"3292\" data-end=\"3332\">IT-tjenester og konsulentl\u00f8sninger<\/strong> hj\u00e6lpe virksomheder med at administrere infrastruktur, forbedre sikkerheden og optimere systemydelsen. Vi underst\u00f8tter cloud-milj\u00f8er, systemarkitektur og langsigtet teknisk strategi.<\/p>\t\t\t\t\t\t\t\t<\/div>\n\t\t\t\t<\/div>\n\t\t<div class=\"elementor-element elementor-element-4ea33258 e-con-full e-flex e-con e-child\" data-id=\"4ea33258\" data-element_type=\"container\" data-e-type=\"container\">\n\t\t\t\t<div class=\"elementor-element elementor-element-91c20a8 elementor-widget elementor-widget-heading\" data-id=\"91c20a8\" data-element_type=\"widget\" data-e-type=\"widget\" data-widget_type=\"heading.default\">\n\t\t\t\t<div class=\"elementor-widget-container\">\n\t\t\t\t\t<h3 class=\"elementor-heading-title elementor-size-default\">Hvad vi leverer<\/h3>\t\t\t\t<\/div>\n\t\t\t\t<\/div>\n\t\t\t\t<div class=\"elementor-element elementor-element-4f29fdc6 elementor-widget elementor-widget-text-editor\" data-id=\"4f29fdc6\" data-element_type=\"widget\" data-e-type=\"widget\" data-widget_type=\"text-editor.default\">\n\t\t\t\t<div class=\"elementor-widget-container\">\n\t\t\t\t\t\t\t\t\t<ul><li data-section-id=\"zck3h1\" data-start=\"1332\" data-end=\"1377\">Infrastruktur\u00adoverv\u00e5gning og vedligeholdelse<\/li><li data-section-id=\"ar1qs\" data-start=\"3692\" data-end=\"3726\">Cloud-infrastrukturl\u00f8sninger<\/li><li data-section-id=\"srk3z3\" data-start=\"3727\" data-end=\"3753\">Cybersikkerhed og trusselsbeskyttelse<\/li><li data-section-id=\"179luq3\" data-start=\"3754\" data-end=\"3792\">Ydelsesoptimering og systemintegritetstjek<\/li><li data-section-id=\"1sn1j6l\" data-start=\"3793\" data-end=\"3822\">L\u00f8bende teknisk support<\/li><\/ul>\t\t\t\t\t\t\t\t<\/div>\n\t\t\t\t<\/div>\n\t\t\t\t<div class=\"elementor-element elementor-element-cc486d3 elementor-widget-divider--view-line elementor-widget elementor-widget-divider\" data-id=\"cc486d3\" data-element_type=\"widget\" data-e-type=\"widget\" data-widget_type=\"divider.default\">\n\t\t\t\t<div class=\"elementor-widget-container\">\n\t\t\t\t\t\t\t<div class=\"elementor-divider\">\n\t\t\t<span class=\"elementor-divider-separator\">\n\t\t\t\t\t\t<\/span>\n\t\t<\/div>\n\t\t\t\t\t\t<\/div>\n\t\t\t\t<\/div>\n\t\t\t\t<div class=\"elementor-element elementor-element-4b2dfca elementor-widget elementor-widget-text-editor\" data-id=\"4b2dfca\" data-element_type=\"widget\" data-e-type=\"widget\" data-widget_type=\"text-editor.default\">\n\t\t\t\t<div class=\"elementor-widget-container\">\n\t\t\t\t\t\t\t\t\t<p>Vi arbejder som en <strong data-start=\"3523\" data-end=\"3545\">teknologipartner<\/strong>, og sikrer, at dine systemer forbliver sikre, skalerbare og p\u00e5 linje med virksomhedens v\u00e6kst.<\/p>\t\t\t\t\t\t\t\t<\/div>\n\t\t\t\t<\/div>\n\t\t\t\t<\/div>\n\t\t\t\t<\/div>\n\t\t\t\t<\/div>\n\t\t<div class=\"elementor-element elementor-element-3fc4824b e-con-full e-flex e-con e-child\" data-id=\"3fc4824b\" data-element_type=\"container\" data-e-type=\"container\" data-settings=\"{&quot;background_background&quot;:&quot;classic&quot;}\">\n\t\t\t\t<\/div>\n\t\t\t\t\t<\/div>\n\t\t\t\t<\/div>\n\t\t\t\t<\/div>","protected":false},"excerpt":{"rendered":"<p>Technology Services for Scalable Business Growth Intelligent Solutions Designed to Scale. We provide AI, web, and custom software development that automates complexity and accelerates efficiency. Get in touch AI Development Services Intelligent Systems That Drive Smarter Decisions We deliver AI development services that help businesses automate processes, analyze data, and improve decision-making. From machine learning [&hellip;]<\/p>\n","protected":false},"author":6,"featured_media":0,"parent":0,"menu_order":0,"comment_status":"closed","ping_status":"closed","template":"","meta":{"site-sidebar-layout":"no-sidebar","site-content-layout":"page-builder","ast-site-content-layout":"full-width-container","site-content-style":"default","site-sidebar-style":"default","ast-global-header-display":"","ast-banner-title-visibility":"","ast-main-header-display":"","ast-hfb-above-header-display":"","ast-hfb-below-header-display":"","ast-hfb-mobile-header-display":"","site-post-title":"","ast-breadcrumbs-content":"","ast-featured-img":"disabled","footer-sml-layout":"","ast-disable-related-posts":"","theme-transparent-header-meta":"","adv-header-id-meta":"","stick-header-meta":"","header-above-stick-meta":"","header-main-stick-meta":"","header-below-stick-meta":"","astra-migrate-meta-layouts":"set","ast-page-background-enabled":"default","ast-page-background-meta":{"desktop":{"background-color":"","background-image":"","background-repeat":"repeat","background-position":"center center","background-size":"auto","background-attachment":"scroll","background-type":"","background-media":"","overlay-type":"","overlay-color":"","overlay-opacity":"","overlay-gradient":""},"tablet":{"background-color":"","background-image":"","background-repeat":"repeat","background-position":"center center","background-size":"auto","background-attachment":"scroll","background-type":"","background-media":"","overlay-type":"","overlay-color":"","overlay-opacity":"","overlay-gradient":""},"mobile":{"background-color":"","background-image":"","background-repeat":"repeat","background-position":"center center","background-size":"auto","background-attachment":"scroll","background-type":"","background-media":"","overlay-type":"","overlay-color":"","overlay-opacity":"","overlay-gradient":""}},"ast-content-background-meta":{"desktop":{"background-color":"var(--ast-global-color-5)","background-image":"","background-repeat":"repeat","background-position":"center center","background-size":"auto","background-attachment":"scroll","background-type":"","background-media":"","overlay-type":"","overlay-color":"","overlay-opacity":"","overlay-gradient":""},"tablet":{"background-color":"var(--ast-global-color-5)","background-image":"","background-repeat":"repeat","background-position":"center center","background-size":"auto","background-attachment":"scroll","background-type":"","background-media":"","overlay-type":"","overlay-color":"","overlay-opacity":"","overlay-gradient":""},"mobile":{"background-color":"var(--ast-global-color-5)","background-image":"","background-repeat":"repeat","background-position":"center center","background-size":"auto","background-attachment":"scroll","background-type":"","background-media":"","overlay-type":"","overlay-color":"","overlay-opacity":"","overlay-gradient":""}},"footnotes":""},"class_list":["post-2004","page","type-page","status-publish","hentry"],"_links":{"self":[{"href":"https:\/\/icp-it.dk\/da\/wp-json\/wp\/v2\/pages\/2004","targetHints":{"allow":["GET"]}}],"collection":[{"href":"https:\/\/icp-it.dk\/da\/wp-json\/wp\/v2\/pages"}],"about":[{"href":"https:\/\/icp-it.dk\/da\/wp-json\/wp\/v2\/types\/page"}],"author":[{"embeddable":true,"href":"https:\/\/icp-it.dk\/da\/wp-json\/wp\/v2\/users\/6"}],"replies":[{"embeddable":true,"href":"https:\/\/icp-it.dk\/da\/wp-json\/wp\/v2\/comments?post=2004"}],"version-history":[{"count":55,"href":"https:\/\/icp-it.dk\/da\/wp-json\/wp\/v2\/pages\/2004\/revisions"}],"predecessor-version":[{"id":2830,"href":"https:\/\/icp-it.dk\/da\/wp-json\/wp\/v2\/pages\/2004\/revisions\/2830"}],"wp:attachment":[{"href":"https:\/\/icp-it.dk\/da\/wp-json\/wp\/v2\/media?parent=2004"}],"curies":[{"name":"wp","href":"https:\/\/api.w.org\/{rel}","templated":true}]}}