{"id":3,"date":"2023-10-20T05:32:33","date_gmt":"2023-10-20T05:32:33","guid":{"rendered":"https:\/\/icp-it.yourfilescloud.com\/?page_id=3"},"modified":"2026-05-12T12:10:47","modified_gmt":"2026-05-12T11:10:47","slug":"privatlivspolitik","status":"publish","type":"page","link":"https:\/\/icp-it.dk\/da\/privacy-policy\/","title":{"rendered":"Privatlivspolitik"},"content":{"rendered":"<div data-elementor-type=\"wp-page\" data-elementor-id=\"3\" class=\"elementor elementor-3\" data-elementor-post-type=\"page\">\n\t\t\t\t<div class=\"elementor-element elementor-element-30ec84ac e-con-full e-flex e-con e-parent\" data-id=\"30ec84ac\" data-element_type=\"container\" data-e-type=\"container\">\n\t\t\t\t<div class=\"elementor-element elementor-element-5bda1da1 elementor-widget elementor-widget-text-editor\" data-id=\"5bda1da1\" data-element_type=\"widget\" data-e-type=\"widget\" data-widget_type=\"text-editor.default\">\n\t\t\t\t<div class=\"elementor-widget-container\">\n\t\t\t\t\t\t\t\t\t<p><strong>Kontaktoplysninger<\/strong><\/p>\n<p>ICP-IT er dataansvarlig, og vi sikrer, at dine personoplysninger behandles i overensstemmelse med loven.<\/p>\n<p><strong>Behandling af Personoplysninger<\/strong><\/p>\n<p>N\u00e5r vi beder dig om at give os dine personlige data, informerer vi dig om de data, vi behandler om dig, og til hvilket form\u00e5l. Du modtager denne information p\u00e5 tidspunktet for indsamling af dine personlige data.<\/p>\n<p><strong>Brug af personlige data<\/strong><\/p>\n<p>Vi bruger data om dig prim\u00e6rt til at opfylde de aftaler, du indg\u00e5r med os, og sekund\u00e6rt til at forbedre vores service, sikre kvalitet i vores produkter og ydelser, m\u00e5lrette markedsf\u00f8ring og i vores kommunikation med dig.<\/p>\n<p><strong>Personlige oplysninger<\/strong><\/p>\n<p>For eksempel, hvis du sender en jobans\u00f8gning, behandler vi din ans\u00f8gning med det form\u00e5l at vurdere, om vi finder dig egnet til det job, du har s\u00f8gt. N\u00e5r du kontakter ICP-IT, vil dine oplysninger i mange tilf\u00e6lde blive videregivet til relevante partnere med det form\u00e5l at opfylde de aftaler, vi indg\u00e5r med dig, og for at optimere vores service.<\/p>\n<p><strong>Oplysninger om hjemmesidebrug<\/strong><\/p>\n<p>Oplysninger om, hvilke sider du bes\u00f8ger p\u00e5 hjemmesiden, og din IP-adresse indsamles i logfiler og i Google Analytics. Oplysningerne bruges til at forbedre oplevelsen af vores hjemmeside og til teknisk fejlfinding. Oplysningerne slettes regelm\u00e6ssigt, n\u00e5r de ikke l\u00e6ngere tjener det oprindelige form\u00e5l med behandlingen eller mister deres relevans.<\/p>\n<p><strong>Datas Relevans og N\u00f8dvendighed<\/strong><\/p>\n<p>Vi behandler kun data om dig, der er relevante og tilstr\u00e6kkelige til de ovenst\u00e5ende form\u00e5l. Det samme g\u00e6lder for omfanget af de personoplysninger, vi anvender. Vi bruger f.eks. ikke flere data end n\u00f8dvendigt til det specifikke form\u00e5l.<\/p>\n<p><strong>Sletning af personoplysninger<\/strong><\/p>\n<p>Vi sletter dine personoplysninger, n\u00e5r de ikke l\u00e6ngere er n\u00f8dvendige til det form\u00e5l, der var \u00e5rsag til, at vi indsamlede, behandlede og opbevarede dine oplysninger.<\/p>\n<p><strong>Samtykke til databehandling<\/strong><\/p>\n<p>Vi indhenter dit samtykke, f\u00f8r vi behandler dine personoplysninger til de ovenfor beskrevne form\u00e5l, medmindre vi har et lovm\u00e6ssigt grundlag for at indsamle dem. Vi informerer dig om et s\u00e5dant grundlag og om vores legitime interesse i at behandle dine personoplysninger.<\/p>\n<p><strong>Datadiskussion<\/strong><\/p>\n<p>Vi videregiver ikke dine personlige data uden dit samtykke, medmindre vi er juridisk forpligtet til det.<\/p>\n<p><strong>Sikkerhed<\/strong><\/p>\n<p>Vi beskytter dine personoplysninger og har interne regler for informationssikkerhed.<\/p>\n<p><strong>Dine rettigheder<\/strong><\/p>\n<p>Du har ret til adgang til dine personoplysninger, til at f\u00e5 urigtige oplysninger berigtiget eller slettet, og til at g\u00f8re indsigelse mod vores behandling af dine personoplysninger.<\/p>\n<p><strong>Klagepunkter<\/strong><\/p>\n<p>Du har ret til at indgive en klage direkte til ICP-IT. Din klage kan sendes via e-mail til info@icp-it.dk. Du kan ogs\u00e5 klage til den lokale tilsynsmyndighed over vores behandling af dine personoplysninger.<\/p>\n<h3>\u00a0<\/h3>\n<h3><strong>Cookiepolitik<\/strong><\/h3>\n<p><strong>Cookies, Form\u00e5l og Relevans<\/strong><\/p>\n<p>N\u00e5r vi placerer cookies, informeres du om brugen og form\u00e5let med at indsamle data via cookies.<\/p>\n<p><strong>Placering af cookies<\/strong><\/p>\n<p>Vi placerer cookies p\u00e5 din enhed for at optimere funktioner p\u00e5 siden, \u00f8ge brugervenligheden, forbedre siden generelt og m\u00e5lrette markedsf\u00f8ringsaktiviteter.<\/p>\n<p><strong>Google<\/strong><\/p>\n<p>N\u00e5r du bes\u00f8ger www.icp-it.com, deles dit bes\u00f8g med Google med henblik p\u00e5 statistisk analyse og forbedring af vores hjemmeside.<\/p>\n<p><strong>Facebook<\/strong><\/p>\n<p>N\u00e5r du bes\u00f8ger www.icp-it.com, deles dit bes\u00f8g med Facebook til statistisk analyse og forbedring af vores hjemmeside.<\/p>\n<p><strong>Samtykke til placering af cookies<\/strong><\/p>\n<p>F\u00f8r vi placerer cookies p\u00e5 din enhed, beder vi om dit samtykke. N\u00f8dvendige cookies til sikring af statistik, funktionalitet og indstillinger kan dog anvendes uden dit samtykke.<\/p>\n<p><strong>Varighed af cookie-lagring<\/strong><\/p>\n<p>Cookies sletter sig selv efter et bestemt antal m\u00e5neder (kan variere), men de fornyes efter hvert bes\u00f8g.<!-- \/wp:paragraph --><\/p>\t\t\t\t\t\t\t\t<\/div>\n\t\t\t\t<\/div>\n\t\t\t\t<\/div>\n\t\t\t\t<\/div>","protected":false},"excerpt":{"rendered":"<p>Contact Information ICP-IT is the data controller, and we ensure that your personal data is processed in accordance with the law. Processing of Personal Data When we ask you to provide your personal data to us, we inform you about the data we process about you and for what purpose. You receive this information at [&hellip;]<\/p>\n","protected":false},"author":1,"featured_media":0,"parent":0,"menu_order":0,"comment_status":"closed","ping_status":"closed","template":"","meta":{"site-sidebar-layout":"default","site-content-layout":"","ast-site-content-layout":"default","site-content-style":"default","site-sidebar-style":"default","ast-global-header-display":"","ast-banner-title-visibility":"","ast-main-header-display":"","ast-hfb-above-header-display":"","ast-hfb-below-header-display":"","ast-hfb-mobile-header-display":"","site-post-title":"","ast-breadcrumbs-content":"","ast-featured-img":"","footer-sml-layout":"","ast-disable-related-posts":"","theme-transparent-header-meta":"disabled","adv-header-id-meta":"","stick-header-meta":"enabled","header-above-stick-meta":"","header-main-stick-meta":"disabled","header-below-stick-meta":"","astra-migrate-meta-layouts":"set","ast-page-background-enabled":"default","ast-page-background-meta":{"desktop":{"background-color":"","background-image":"","background-repeat":"repeat","background-position":"center center","background-size":"auto","background-attachment":"scroll","background-type":"","background-media":"","overlay-type":"","overlay-color":"","overlay-opacity":"","overlay-gradient":""},"tablet":{"background-color":"","background-image":"","background-repeat":"repeat","background-position":"center center","background-size":"auto","background-attachment":"scroll","background-type":"","background-media":"","overlay-type":"","overlay-color":"","overlay-opacity":"","overlay-gradient":""},"mobile":{"background-color":"","background-image":"","background-repeat":"repeat","background-position":"center center","background-size":"auto","background-attachment":"scroll","background-type":"","background-media":"","overlay-type":"","overlay-color":"","overlay-opacity":"","overlay-gradient":""}},"ast-content-background-meta":{"desktop":{"background-color":"var(--ast-global-color-5)","background-image":"","background-repeat":"repeat","background-position":"center center","background-size":"auto","background-attachment":"scroll","background-type":"","background-media":"","overlay-type":"","overlay-color":"","overlay-opacity":"","overlay-gradient":""},"tablet":{"background-color":"var(--ast-global-color-5)","background-image":"","background-repeat":"repeat","background-position":"center center","background-size":"auto","background-attachment":"scroll","background-type":"","background-media":"","overlay-type":"","overlay-color":"","overlay-opacity":"","overlay-gradient":""},"mobile":{"background-color":"var(--ast-global-color-5)","background-image":"","background-repeat":"repeat","background-position":"center center","background-size":"auto","background-attachment":"scroll","background-type":"","background-media":"","overlay-type":"","overlay-color":"","overlay-opacity":"","overlay-gradient":""}},"footnotes":""},"class_list":["post-3","page","type-page","status-publish","hentry"],"_links":{"self":[{"href":"https:\/\/icp-it.dk\/da\/wp-json\/wp\/v2\/pages\/3","targetHints":{"allow":["GET"]}}],"collection":[{"href":"https:\/\/icp-it.dk\/da\/wp-json\/wp\/v2\/pages"}],"about":[{"href":"https:\/\/icp-it.dk\/da\/wp-json\/wp\/v2\/types\/page"}],"author":[{"embeddable":true,"href":"https:\/\/icp-it.dk\/da\/wp-json\/wp\/v2\/users\/1"}],"replies":[{"embeddable":true,"href":"https:\/\/icp-it.dk\/da\/wp-json\/wp\/v2\/comments?post=3"}],"version-history":[{"count":17,"href":"https:\/\/icp-it.dk\/da\/wp-json\/wp\/v2\/pages\/3\/revisions"}],"predecessor-version":[{"id":2843,"href":"https:\/\/icp-it.dk\/da\/wp-json\/wp\/v2\/pages\/3\/revisions\/2843"}],"wp:attachment":[{"href":"https:\/\/icp-it.dk\/da\/wp-json\/wp\/v2\/media?parent=3"}],"curies":[{"name":"wp","href":"https:\/\/api.w.org\/{rel}","templated":true}]}}