{"id":2004,"date":"2026-04-27T14:52:54","date_gmt":"2026-04-27T13:52:54","guid":{"rendered":"https:\/\/icp-it.dk\/?page_id=2004"},"modified":"2026-05-12T09:24:54","modified_gmt":"2026-05-12T08:24:54","slug":"dienstleistungen","status":"publish","type":"page","link":"https:\/\/icp-it.dk\/de\/services\/","title":{"rendered":"Dienstleistungen"},"content":{"rendered":"<div data-elementor-type=\"wp-page\" data-elementor-id=\"2004\" class=\"elementor elementor-2004\" data-elementor-post-type=\"page\">\n\t\t\t\t<div class=\"elementor-element elementor-element-7e0ac3eb e-flex e-con-boxed e-con e-parent\" data-id=\"7e0ac3eb\" data-element_type=\"container\" data-e-type=\"container\" data-settings=\"{&quot;background_background&quot;:&quot;gradient&quot;}\">\n\t\t\t\t\t<div class=\"e-con-inner\">\n\t\t<div class=\"elementor-element elementor-element-1aa1a874 e-con-full e-flex e-con e-child\" data-id=\"1aa1a874\" data-element_type=\"container\" data-e-type=\"container\" data-settings=\"{&quot;background_background&quot;:&quot;classic&quot;}\">\n\t\t\t\t<div class=\"elementor-element elementor-element-181c1ed4 elementor-widget elementor-widget-heading\" data-id=\"181c1ed4\" data-element_type=\"widget\" data-e-type=\"widget\" data-widget_type=\"heading.default\">\n\t\t\t\t<div class=\"elementor-widget-container\">\n\t\t\t\t\t<h1 class=\"elementor-heading-title elementor-size-default\">Technologiedienstleistungen f\u00fcr skalierbares Unternehmenswachstum<\/h1>\t\t\t\t<\/div>\n\t\t\t\t<\/div>\n\t\t\t\t<div class=\"elementor-element elementor-element-b5b34c5 elementor-widget elementor-widget-text-editor\" data-id=\"b5b34c5\" data-element_type=\"widget\" data-e-type=\"widget\" data-widget_type=\"text-editor.default\">\n\t\t\t\t<div class=\"elementor-widget-container\">\n\t\t\t\t\t\t\t\t\t<p data-start=\"917\" data-end=\"1210\">Intelligente L\u00f6sungen, die skalierbar sind.<\/p><p data-start=\"917\" data-end=\"1210\">Wir bieten <strong>KI<\/strong>, <strong>Netz<\/strong>, und <strong>Individuelle Softwareentwicklung<\/strong> das Komplexit\u00e4t automatisiert und <strong>beschleunigt Effizienz<\/strong>.<\/p>\t\t\t\t\t\t\t\t<\/div>\n\t\t\t\t<\/div>\n\t\t\t\t<div class=\"elementor-element elementor-element-3f3c20ba elementor-widget elementor-widget-button\" data-id=\"3f3c20ba\" data-element_type=\"widget\" data-e-type=\"widget\" data-widget_type=\"button.default\">\n\t\t\t\t<div class=\"elementor-widget-container\">\n\t\t\t\t\t\t\t\t\t<div class=\"elementor-button-wrapper\">\n\t\t\t\t\t<a class=\"elementor-button elementor-button-link elementor-size-sm\" href=\"\/de\/kontakt\/\">\n\t\t\t\t\t\t<span class=\"elementor-button-content-wrapper\">\n\t\t\t\t\t\t<span class=\"elementor-button-icon\">\n\t\t\t\t<i aria-hidden=\"true\" class=\"fas fa-arrow-right\"><\/i>\t\t\t<\/span>\n\t\t\t\t\t\t\t\t\t<span class=\"elementor-button-text\">Kontakt aufnehmen<\/span>\n\t\t\t\t\t<\/span>\n\t\t\t\t\t<\/a>\n\t\t\t\t<\/div>\n\t\t\t\t\t\t\t\t<\/div>\n\t\t\t\t<\/div>\n\t\t\t\t<\/div>\n\t\t\t\t\t<\/div>\n\t\t\t\t<\/div>\n\t\t<div class=\"elementor-element elementor-element-3da9bcb1 e-flex e-con-boxed e-con e-parent\" data-id=\"3da9bcb1\" data-element_type=\"container\" data-e-type=\"container\" data-settings=\"{&quot;background_background&quot;:&quot;classic&quot;}\">\n\t\t\t\t\t<div class=\"e-con-inner\">\n\t\t<div class=\"elementor-element elementor-element-4ca88632 e-con-full e-flex e-con e-child\" data-id=\"4ca88632\" data-element_type=\"container\" data-e-type=\"container\" data-settings=\"{&quot;background_background&quot;:&quot;classic&quot;}\">\n\t\t<div class=\"elementor-element elementor-element-ddb0b3b e-con-full e-flex e-con e-child\" data-id=\"ddb0b3b\" data-element_type=\"container\" data-e-type=\"container\" data-settings=\"{&quot;background_background&quot;:&quot;classic&quot;}\">\n\t\t\t\t<div class=\"elementor-element elementor-element-11c9adcc elementor-widget elementor-widget-heading\" data-id=\"11c9adcc\" data-element_type=\"widget\" data-e-type=\"widget\" id=\"ai-development\" data-widget_type=\"heading.default\">\n\t\t\t\t<div class=\"elementor-widget-container\">\n\t\t\t\t\t<h2 class=\"elementor-heading-title elementor-size-default\">KI-Entwicklungsdienste<\/h2>\t\t\t\t<\/div>\n\t\t\t\t<\/div>\n\t\t\t\t<div class=\"elementor-element elementor-element-2f59df35 elementor-widget elementor-widget-heading\" data-id=\"2f59df35\" data-element_type=\"widget\" data-e-type=\"widget\" data-widget_type=\"heading.default\">\n\t\t\t\t<div class=\"elementor-widget-container\">\n\t\t\t\t\t<h3 class=\"elementor-heading-title elementor-size-default\">Intelligente Systeme, die intelligentere Entscheidungen erm\u00f6glichen<\/h3>\t\t\t\t<\/div>\n\t\t\t\t<\/div>\n\t\t\t\t<div class=\"elementor-element elementor-element-265109a elementor-widget elementor-widget-text-editor\" data-id=\"265109a\" data-element_type=\"widget\" data-e-type=\"widget\" data-widget_type=\"text-editor.default\">\n\t\t\t\t<div class=\"elementor-widget-container\">\n\t\t\t\t\t\t\t\t\t<p data-start=\"1318\" data-end=\"1572\">Wir liefern <strong data-start=\"1329\" data-end=\"1356\">KI-Entwicklungsdienste<\/strong> die Unternehmen bei der Automatisierung von Prozessen, der Datenanalyse und der Verbesserung von Entscheidungsprozessen unterst\u00fctzen. Von <strong data-start=\"1446\" data-end=\"1478\">maschinelles lernen Integration<\/strong> zu <strong data-start=\"1482\" data-end=\"1506\">Pr\u00e4diktive Analytik<\/strong>, unsere L\u00f6sungen sind darauf ausgelegt, messbaren Gesch\u00e4ftswert zu liefern.<\/p>\t\t\t\t\t\t\t\t<\/div>\n\t\t\t\t<\/div>\n\t\t<div class=\"elementor-element elementor-element-42c1fcc1 e-con-full e-flex e-con e-child\" data-id=\"42c1fcc1\" data-element_type=\"container\" data-e-type=\"container\">\n\t\t\t\t<div class=\"elementor-element elementor-element-32425999 elementor-widget elementor-widget-heading\" data-id=\"32425999\" data-element_type=\"widget\" data-e-type=\"widget\" data-widget_type=\"heading.default\">\n\t\t\t\t<div class=\"elementor-widget-container\">\n\t\t\t\t\t<h3 class=\"elementor-heading-title elementor-size-default\">Was wir liefern<\/h3>\t\t\t\t<\/div>\n\t\t\t\t<\/div>\n\t\t\t\t<div class=\"elementor-element elementor-element-0ee6063 elementor-widget elementor-widget-text-editor\" data-id=\"0ee6063\" data-element_type=\"widget\" data-e-type=\"widget\" data-widget_type=\"text-editor.default\">\n\t\t\t\t<div class=\"elementor-widget-container\">\n\t\t\t\t\t\t\t\t\t<ul><li>KI-Strategie und Beratung<\/li><li>Prozessautomatisierung<\/li><li>Pr\u00e4diktive Analytik und Prognose<\/li><li>Integration von maschinellem Lernen<\/li><li>Kundenspezifische KI-gest\u00fctzte Anwendungen<\/li><\/ul>\t\t\t\t\t\t\t\t<\/div>\n\t\t\t\t<\/div>\n\t\t\t\t<div class=\"elementor-element elementor-element-e1a345b elementor-widget-divider--view-line elementor-widget elementor-widget-divider\" data-id=\"e1a345b\" data-element_type=\"widget\" data-e-type=\"widget\" data-widget_type=\"divider.default\">\n\t\t\t\t<div class=\"elementor-widget-container\">\n\t\t\t\t\t\t\t<div class=\"elementor-divider\">\n\t\t\t<span class=\"elementor-divider-separator\">\n\t\t\t\t\t\t<\/span>\n\t\t<\/div>\n\t\t\t\t\t\t<\/div>\n\t\t\t\t<\/div>\n\t\t\t\t<div class=\"elementor-element elementor-element-4a76405 elementor-widget elementor-widget-text-editor\" data-id=\"4a76405\" data-element_type=\"widget\" data-e-type=\"widget\" data-widget_type=\"text-editor.default\">\n\t\t\t\t<div class=\"elementor-widget-container\">\n\t\t\t\t\t\t\t\t\t<p>Ob du brauchst <strong data-start=\"1591\" data-end=\"1613\">kundenspezifische KI-Software<\/strong> oder Integration in bestehende Systeme, entwickeln wir skalierbare und effiziente KI-gest\u00fctzte Anwendungen, die auf Ihre Bed\u00fcrfnisse zugeschnitten sind.<\/p>\t\t\t\t\t\t\t\t<\/div>\n\t\t\t\t<\/div>\n\t\t\t\t<\/div>\n\t\t\t\t<\/div>\n\t\t\t\t<\/div>\n\t\t<div class=\"elementor-element elementor-element-ac5f68f e-con-full e-flex e-con e-child\" data-id=\"ac5f68f\" data-element_type=\"container\" data-e-type=\"container\" data-settings=\"{&quot;background_background&quot;:&quot;classic&quot;}\">\n\t\t\t\t<\/div>\n\t\t\t\t\t<\/div>\n\t\t\t\t<\/div>\n\t\t<div class=\"elementor-element elementor-element-1150e38e e-flex e-con-boxed e-con e-parent\" data-id=\"1150e38e\" data-element_type=\"container\" data-e-type=\"container\" data-settings=\"{&quot;background_background&quot;:&quot;classic&quot;}\">\n\t\t\t\t\t<div class=\"e-con-inner\">\n\t\t<div class=\"elementor-element elementor-element-4fbc11b3 e-con-full e-flex e-con e-child\" data-id=\"4fbc11b3\" data-element_type=\"container\" data-e-type=\"container\" data-settings=\"{&quot;background_background&quot;:&quot;classic&quot;}\">\n\t\t<div class=\"elementor-element elementor-element-20203354 e-con-full e-flex e-con e-child\" data-id=\"20203354\" data-element_type=\"container\" data-e-type=\"container\" data-settings=\"{&quot;background_background&quot;:&quot;classic&quot;}\">\n\t\t\t\t<div class=\"elementor-element elementor-element-ce0a98e elementor-widget elementor-widget-heading\" data-id=\"ce0a98e\" data-element_type=\"widget\" data-e-type=\"widget\" id=\"web-development\" data-widget_type=\"heading.default\">\n\t\t\t\t<div class=\"elementor-widget-container\">\n\t\t\t\t\t<h2 class=\"elementor-heading-title elementor-size-default\">Webentwicklungsdienste<\/h2>\t\t\t\t<\/div>\n\t\t\t\t<\/div>\n\t\t\t\t<div class=\"elementor-element elementor-element-22fb2e42 elementor-widget elementor-widget-heading\" data-id=\"22fb2e42\" data-element_type=\"widget\" data-e-type=\"widget\" data-widget_type=\"heading.default\">\n\t\t\t\t<div class=\"elementor-widget-container\">\n\t\t\t\t\t<h3 class=\"elementor-heading-title elementor-size-default\">Leistungsstarke Webanwendungen und Websites<\/h3>\t\t\t\t<\/div>\n\t\t\t\t<\/div>\n\t\t\t\t<div class=\"elementor-element elementor-element-c576493 elementor-widget elementor-widget-text-editor\" data-id=\"c576493\" data-element_type=\"widget\" data-e-type=\"widget\" data-widget_type=\"text-editor.default\">\n\t\t\t\t<div class=\"elementor-widget-container\">\n\t\t\t\t\t\t\t\t\t<p data-start=\"2026\" data-end=\"2273\">Wir bieten <strong data-start=\"2037\" data-end=\"2065\">Webentwicklungsdienste<\/strong> fokussiert auf <b>schnell bauen<\/b>, <b>sicher<\/b>, und <b>skalierbare digitale Plattformen<\/b>.<\/p><p data-start=\"2026\" data-end=\"2273\">Unsere L\u00f6sungen umfassen <strong data-start=\"2154\" data-end=\"2181\">Individuelle Webanwendungen<\/strong>, <b>Gesch\u00e4ftswebseiten<\/b>, und <b>fortgeschritteneWebsysteme<\/b> <b>\u2014<\/b> <b>optimiert f\u00fcr Leistung und Benutzererfahrung<\/b>.<\/p>\t\t\t\t\t\t\t\t<\/div>\n\t\t\t\t<\/div>\n\t\t<div class=\"elementor-element elementor-element-271e837 e-con-full e-flex e-con e-child\" data-id=\"271e837\" data-element_type=\"container\" data-e-type=\"container\">\n\t\t\t\t<div class=\"elementor-element elementor-element-4824b094 elementor-widget elementor-widget-heading\" data-id=\"4824b094\" data-element_type=\"widget\" data-e-type=\"widget\" data-widget_type=\"heading.default\">\n\t\t\t\t<div class=\"elementor-widget-container\">\n\t\t\t\t\t<h3 class=\"elementor-heading-title elementor-size-default\">Was wir liefern<\/h3>\t\t\t\t<\/div>\n\t\t\t\t<\/div>\n\t\t\t\t<div class=\"elementor-element elementor-element-6eb60fe1 elementor-widget elementor-widget-text-editor\" data-id=\"6eb60fe1\" data-element_type=\"widget\" data-e-type=\"widget\" data-widget_type=\"text-editor.default\">\n\t\t\t\t<div class=\"elementor-widget-container\">\n\t\t\t\t\t\t\t\t\t<ul><li data-section-id=\"jw48ci\" data-start=\"2402\" data-end=\"2440\">Ma\u00dfgeschneiderte Webanwendungsentwicklung<\/li><li data-section-id=\"1ui2jzi\" data-start=\"2441\" data-end=\"2476\">Gesch\u00e4fts- und Unternehmenswebsites<\/li><li data-section-id=\"ya89fq\" data-start=\"2477\" data-end=\"2496\">CMS-Entwicklung<\/li><li data-section-id=\"1te53iv\" data-start=\"2497\" data-end=\"2521\">E-Commerce-L\u00f6sungen<\/li><li data-section-id=\"1aut8gz\" data-start=\"2522\" data-end=\"2550\">API-gesteuerte Webplattformen<\/li><\/ul>\t\t\t\t\t\t\t\t<\/div>\n\t\t\t\t<\/div>\n\t\t\t\t<div class=\"elementor-element elementor-element-23a53c1 elementor-widget-divider--view-line elementor-widget elementor-widget-divider\" data-id=\"23a53c1\" data-element_type=\"widget\" data-e-type=\"widget\" data-widget_type=\"divider.default\">\n\t\t\t\t<div class=\"elementor-widget-container\">\n\t\t\t\t\t\t\t<div class=\"elementor-divider\">\n\t\t\t<span class=\"elementor-divider-separator\">\n\t\t\t\t\t\t<\/span>\n\t\t<\/div>\n\t\t\t\t\t\t<\/div>\n\t\t\t\t<\/div>\n\t\t\t\t<div class=\"elementor-element elementor-element-202abcb elementor-widget elementor-widget-text-editor\" data-id=\"202abcb\" data-element_type=\"widget\" data-e-type=\"widget\" data-widget_type=\"text-editor.default\">\n\t\t\t\t<div class=\"elementor-widget-container\">\n\t\t\t\t\t\t\t\t\t<p>Wir stellen sicher, dass Ihre Plattform mit modernen Technologien und Best Practices f\u00fcr langfristige Skalierbarkeit aufgebaut wird.<\/p>\t\t\t\t\t\t\t\t<\/div>\n\t\t\t\t<\/div>\n\t\t\t\t<\/div>\n\t\t\t\t<\/div>\n\t\t\t\t<\/div>\n\t\t<div class=\"elementor-element elementor-element-3ae4dcf1 e-con-full e-flex e-con e-child\" data-id=\"3ae4dcf1\" data-element_type=\"container\" data-e-type=\"container\" data-settings=\"{&quot;background_background&quot;:&quot;classic&quot;}\">\n\t\t\t\t<\/div>\n\t\t\t\t\t<\/div>\n\t\t\t\t<\/div>\n\t\t<div class=\"elementor-element elementor-element-1b177c43 e-flex e-con-boxed e-con e-parent\" data-id=\"1b177c43\" data-element_type=\"container\" data-e-type=\"container\" data-settings=\"{&quot;background_background&quot;:&quot;classic&quot;}\">\n\t\t\t\t\t<div class=\"e-con-inner\">\n\t\t<div class=\"elementor-element elementor-element-709963ec e-con-full e-flex e-con e-child\" data-id=\"709963ec\" data-element_type=\"container\" data-e-type=\"container\" data-settings=\"{&quot;background_background&quot;:&quot;classic&quot;}\">\n\t\t<div class=\"elementor-element elementor-element-3caf50c1 e-con-full e-flex e-con e-child\" data-id=\"3caf50c1\" data-element_type=\"container\" data-e-type=\"container\" data-settings=\"{&quot;background_background&quot;:&quot;classic&quot;}\">\n\t\t\t\t<div class=\"elementor-element elementor-element-6a33e3c2 elementor-widget elementor-widget-heading\" data-id=\"6a33e3c2\" data-element_type=\"widget\" data-e-type=\"widget\" id=\"software-development\" data-widget_type=\"heading.default\">\n\t\t\t\t<div class=\"elementor-widget-container\">\n\t\t\t\t\t<h2 class=\"elementor-heading-title elementor-size-default\">Individuelle Softwareentwicklungservices<\/h2>\t\t\t\t<\/div>\n\t\t\t\t<\/div>\n\t\t\t\t<div class=\"elementor-element elementor-element-5c9bd476 elementor-widget elementor-widget-heading\" data-id=\"5c9bd476\" data-element_type=\"widget\" data-e-type=\"widget\" data-widget_type=\"heading.default\">\n\t\t\t\t<div class=\"elementor-widget-container\">\n\t\t\t\t\t<h3 class=\"elementor-heading-title elementor-size-default\">Software, die auf Ihre Gesch\u00e4ftsanforderungen zugeschnitten ist<\/h3>\t\t\t\t<\/div>\n\t\t\t\t<\/div>\n\t\t\t\t<div class=\"elementor-element elementor-element-7fc8fd68 elementor-widget elementor-widget-text-editor\" data-id=\"7fc8fd68\" data-element_type=\"widget\" data-e-type=\"widget\" data-widget_type=\"text-editor.default\">\n\t\t\t\t<div class=\"elementor-widget-container\">\n\t\t\t\t\t\t\t\t\t<p data-start=\"2672\" data-end=\"2877\">Wir bieten an <strong data-start=\"2681\" data-end=\"2721\">Kundenspezifische Softwareentwicklung<\/strong> Entwickelt, um Abl\u00e4ufe zu optimieren und die Effizienz zu steigern. Unsere L\u00f6sungen sind auf Ihre Arbeitsabl\u00e4ufe zugeschnitten und auf Skalierbarkeit und langfristige Performance ausgelegt.<\/p>\t\t\t\t\t\t\t\t<\/div>\n\t\t\t\t<\/div>\n\t\t<div class=\"elementor-element elementor-element-2fe4bf04 e-con-full e-flex e-con e-child\" data-id=\"2fe4bf04\" data-element_type=\"container\" data-e-type=\"container\">\n\t\t\t\t<div class=\"elementor-element elementor-element-1b105c4e elementor-widget elementor-widget-heading\" data-id=\"1b105c4e\" data-element_type=\"widget\" data-e-type=\"widget\" data-widget_type=\"heading.default\">\n\t\t\t\t<div class=\"elementor-widget-container\">\n\t\t\t\t\t<h3 class=\"elementor-heading-title elementor-size-default\">Was wir liefern<\/h3>\t\t\t\t<\/div>\n\t\t\t\t<\/div>\n\t\t\t\t<div class=\"elementor-element elementor-element-11e6545b elementor-widget elementor-widget-text-editor\" data-id=\"11e6545b\" data-element_type=\"widget\" data-e-type=\"widget\" data-widget_type=\"text-editor.default\">\n\t\t\t\t<div class=\"elementor-widget-container\">\n\t\t\t\t\t\t\t\t\t<ul><li>Gesch\u00e4ftssoftwareentwicklung<\/li><li>Desktop-Anwendungen<\/li><li>Mobile Anwendungen<\/li><li>Systemintegrationen<\/li><li>Modernisierung von Altsystemen<\/li><\/ul>\t\t\t\t\t\t\t\t<\/div>\n\t\t\t\t<\/div>\n\t\t\t\t<div class=\"elementor-element elementor-element-788111a elementor-widget-divider--view-line elementor-widget elementor-widget-divider\" data-id=\"788111a\" data-element_type=\"widget\" data-e-type=\"widget\" data-widget_type=\"divider.default\">\n\t\t\t\t<div class=\"elementor-widget-container\">\n\t\t\t\t\t\t\t<div class=\"elementor-divider\">\n\t\t\t<span class=\"elementor-divider-separator\">\n\t\t\t\t\t\t<\/span>\n\t\t<\/div>\n\t\t\t\t\t\t<\/div>\n\t\t\t\t<\/div>\n\t\t\t\t<div class=\"elementor-element elementor-element-de83fe6 elementor-widget elementor-widget-text-editor\" data-id=\"de83fe6\" data-element_type=\"widget\" data-e-type=\"widget\" data-widget_type=\"text-editor.default\">\n\t\t\t\t<div class=\"elementor-widget-container\">\n\t\t\t\t\t\t\t\t\t<p>Von Unternehmenssystemen bis hin zu mobilen und Desktop-Anwendungen liefern wir zuverl\u00e4ssige und wartungsfreundliche Softwarel\u00f6sungen.<\/p>\t\t\t\t\t\t\t\t<\/div>\n\t\t\t\t<\/div>\n\t\t\t\t<\/div>\n\t\t\t\t<\/div>\n\t\t\t\t<\/div>\n\t\t<div class=\"elementor-element elementor-element-1e582e68 e-con-full e-flex e-con e-child\" data-id=\"1e582e68\" data-element_type=\"container\" data-e-type=\"container\" data-settings=\"{&quot;background_background&quot;:&quot;classic&quot;}\">\n\t\t\t\t<\/div>\n\t\t\t\t\t<\/div>\n\t\t\t\t<\/div>\n\t\t<div class=\"elementor-element elementor-element-8812c2a e-flex e-con-boxed e-con e-parent\" data-id=\"8812c2a\" data-element_type=\"container\" data-e-type=\"container\" data-settings=\"{&quot;background_background&quot;:&quot;classic&quot;}\">\n\t\t\t\t\t<div class=\"e-con-inner\">\n\t\t<div class=\"elementor-element elementor-element-7d3b37ba e-con-full e-flex e-con e-child\" data-id=\"7d3b37ba\" data-element_type=\"container\" data-e-type=\"container\" data-settings=\"{&quot;background_background&quot;:&quot;classic&quot;}\">\n\t\t<div class=\"elementor-element elementor-element-512e0173 e-con-full e-flex e-con e-child\" data-id=\"512e0173\" data-element_type=\"container\" data-e-type=\"container\" data-settings=\"{&quot;background_background&quot;:&quot;classic&quot;}\">\n\t\t\t\t<div class=\"elementor-element elementor-element-7d2078cc elementor-widget elementor-widget-heading\" data-id=\"7d2078cc\" data-element_type=\"widget\" data-e-type=\"widget\" id=\"it-services\" data-widget_type=\"heading.default\">\n\t\t\t\t<div class=\"elementor-widget-container\">\n\t\t\t\t\t<h2 class=\"elementor-heading-title elementor-size-default\">IT-Beratung &amp; Infrastrukturdienste<\/h2>\t\t\t\t<\/div>\n\t\t\t\t<\/div>\n\t\t\t\t<div class=\"elementor-element elementor-element-757eab75 elementor-widget elementor-widget-heading\" data-id=\"757eab75\" data-element_type=\"widget\" data-e-type=\"widget\" data-widget_type=\"heading.default\">\n\t\t\t\t<div class=\"elementor-widget-container\">\n\t\t\t\t\t<h3 class=\"elementor-heading-title elementor-size-default\">Sichere und skalierbare IT-L\u00f6sungen<\/h3>\t\t\t\t<\/div>\n\t\t\t\t<\/div>\n\t\t\t\t<div class=\"elementor-element elementor-element-2e5a5166 elementor-widget elementor-widget-text-editor\" data-id=\"2e5a5166\" data-element_type=\"widget\" data-e-type=\"widget\" data-widget_type=\"text-editor.default\">\n\t\t\t\t<div class=\"elementor-widget-container\">\n\t\t\t\t\t\t\t\t\t<p data-start=\"3288\" data-end=\"3508\">Unser <strong data-start=\"3292\" data-end=\"3332\">IT-Dienstleistungen und Beratungsangebote<\/strong> Wir unterst\u00fctzen Unternehmen bei der Verwaltung ihrer Infrastruktur, der Verbesserung der Sicherheit und der Optimierung der Systemleistung. Wir unterst\u00fctzen Cloud-Umgebungen, Systemarchitektur und langfristige technische Strategien.<\/p>\t\t\t\t\t\t\t\t<\/div>\n\t\t\t\t<\/div>\n\t\t<div class=\"elementor-element elementor-element-4ea33258 e-con-full e-flex e-con e-child\" data-id=\"4ea33258\" data-element_type=\"container\" data-e-type=\"container\">\n\t\t\t\t<div class=\"elementor-element elementor-element-91c20a8 elementor-widget elementor-widget-heading\" data-id=\"91c20a8\" data-element_type=\"widget\" data-e-type=\"widget\" data-widget_type=\"heading.default\">\n\t\t\t\t<div class=\"elementor-widget-container\">\n\t\t\t\t\t<h3 class=\"elementor-heading-title elementor-size-default\">Was wir liefern<\/h3>\t\t\t\t<\/div>\n\t\t\t\t<\/div>\n\t\t\t\t<div class=\"elementor-element elementor-element-4f29fdc6 elementor-widget elementor-widget-text-editor\" data-id=\"4f29fdc6\" data-element_type=\"widget\" data-e-type=\"widget\" data-widget_type=\"text-editor.default\">\n\t\t\t\t<div class=\"elementor-widget-container\">\n\t\t\t\t\t\t\t\t\t<ul><li data-section-id=\"zck3h1\" data-start=\"1332\" data-end=\"1377\">Infrastruktur\u00fcberwachung und -wartung<\/li><li data-section-id=\"ar1qs\" data-start=\"3692\" data-end=\"3726\">Cloud-Infrastrukturl\u00f6sungen<\/li><li data-section-id=\"srk3z3\" data-start=\"3727\" data-end=\"3753\">Cybersicherheit und Bedrohungsschutz<\/li><li data-section-id=\"179luq3\" data-start=\"3754\" data-end=\"3792\">Leistungsoptimierung und Systemgesundheitschecks<\/li><li data-section-id=\"1sn1j6l\" data-start=\"3793\" data-end=\"3822\">Laufende technische Unterst\u00fctzung<\/li><\/ul>\t\t\t\t\t\t\t\t<\/div>\n\t\t\t\t<\/div>\n\t\t\t\t<div class=\"elementor-element elementor-element-cc486d3 elementor-widget-divider--view-line elementor-widget elementor-widget-divider\" data-id=\"cc486d3\" data-element_type=\"widget\" data-e-type=\"widget\" data-widget_type=\"divider.default\">\n\t\t\t\t<div class=\"elementor-widget-container\">\n\t\t\t\t\t\t\t<div class=\"elementor-divider\">\n\t\t\t<span class=\"elementor-divider-separator\">\n\t\t\t\t\t\t<\/span>\n\t\t<\/div>\n\t\t\t\t\t\t<\/div>\n\t\t\t\t<\/div>\n\t\t\t\t<div class=\"elementor-element elementor-element-4b2dfca elementor-widget elementor-widget-text-editor\" data-id=\"4b2dfca\" data-element_type=\"widget\" data-e-type=\"widget\" data-widget_type=\"text-editor.default\">\n\t\t\t\t<div class=\"elementor-widget-container\">\n\t\t\t\t\t\t\t\t\t<p>Wir arbeiten als <strong data-start=\"3523\" data-end=\"3545\">Technologiepartner<\/strong>, sodass Ihre Systeme sicher, skalierbar und an das Gesch\u00e4ftswachstum angepasst bleiben.<\/p>\t\t\t\t\t\t\t\t<\/div>\n\t\t\t\t<\/div>\n\t\t\t\t<\/div>\n\t\t\t\t<\/div>\n\t\t\t\t<\/div>\n\t\t<div class=\"elementor-element elementor-element-3fc4824b e-con-full e-flex e-con e-child\" data-id=\"3fc4824b\" data-element_type=\"container\" data-e-type=\"container\" data-settings=\"{&quot;background_background&quot;:&quot;classic&quot;}\">\n\t\t\t\t<\/div>\n\t\t\t\t\t<\/div>\n\t\t\t\t<\/div>\n\t\t\t\t<\/div>","protected":false},"excerpt":{"rendered":"<p>Technology Services for Scalable Business Growth Intelligent Solutions Designed to Scale. We provide AI, web, and custom software development that automates complexity and accelerates efficiency. Get in touch AI Development Services Intelligent Systems That Drive Smarter Decisions We deliver AI development services that help businesses automate processes, analyze data, and improve decision-making. From machine learning [&hellip;]<\/p>\n","protected":false},"author":6,"featured_media":0,"parent":0,"menu_order":0,"comment_status":"closed","ping_status":"closed","template":"","meta":{"site-sidebar-layout":"no-sidebar","site-content-layout":"page-builder","ast-site-content-layout":"full-width-container","site-content-style":"default","site-sidebar-style":"default","ast-global-header-display":"","ast-banner-title-visibility":"","ast-main-header-display":"","ast-hfb-above-header-display":"","ast-hfb-below-header-display":"","ast-hfb-mobile-header-display":"","site-post-title":"","ast-breadcrumbs-content":"","ast-featured-img":"disabled","footer-sml-layout":"","ast-disable-related-posts":"","theme-transparent-header-meta":"","adv-header-id-meta":"","stick-header-meta":"","header-above-stick-meta":"","header-main-stick-meta":"","header-below-stick-meta":"","astra-migrate-meta-layouts":"set","ast-page-background-enabled":"default","ast-page-background-meta":{"desktop":{"background-color":"","background-image":"","background-repeat":"repeat","background-position":"center center","background-size":"auto","background-attachment":"scroll","background-type":"","background-media":"","overlay-type":"","overlay-color":"","overlay-opacity":"","overlay-gradient":""},"tablet":{"background-color":"","background-image":"","background-repeat":"repeat","background-position":"center center","background-size":"auto","background-attachment":"scroll","background-type":"","background-media":"","overlay-type":"","overlay-color":"","overlay-opacity":"","overlay-gradient":""},"mobile":{"background-color":"","background-image":"","background-repeat":"repeat","background-position":"center center","background-size":"auto","background-attachment":"scroll","background-type":"","background-media":"","overlay-type":"","overlay-color":"","overlay-opacity":"","overlay-gradient":""}},"ast-content-background-meta":{"desktop":{"background-color":"var(--ast-global-color-5)","background-image":"","background-repeat":"repeat","background-position":"center center","background-size":"auto","background-attachment":"scroll","background-type":"","background-media":"","overlay-type":"","overlay-color":"","overlay-opacity":"","overlay-gradient":""},"tablet":{"background-color":"var(--ast-global-color-5)","background-image":"","background-repeat":"repeat","background-position":"center center","background-size":"auto","background-attachment":"scroll","background-type":"","background-media":"","overlay-type":"","overlay-color":"","overlay-opacity":"","overlay-gradient":""},"mobile":{"background-color":"var(--ast-global-color-5)","background-image":"","background-repeat":"repeat","background-position":"center center","background-size":"auto","background-attachment":"scroll","background-type":"","background-media":"","overlay-type":"","overlay-color":"","overlay-opacity":"","overlay-gradient":""}},"footnotes":""},"class_list":["post-2004","page","type-page","status-publish","hentry"],"_links":{"self":[{"href":"https:\/\/icp-it.dk\/de\/wp-json\/wp\/v2\/pages\/2004","targetHints":{"allow":["GET"]}}],"collection":[{"href":"https:\/\/icp-it.dk\/de\/wp-json\/wp\/v2\/pages"}],"about":[{"href":"https:\/\/icp-it.dk\/de\/wp-json\/wp\/v2\/types\/page"}],"author":[{"embeddable":true,"href":"https:\/\/icp-it.dk\/de\/wp-json\/wp\/v2\/users\/6"}],"replies":[{"embeddable":true,"href":"https:\/\/icp-it.dk\/de\/wp-json\/wp\/v2\/comments?post=2004"}],"version-history":[{"count":55,"href":"https:\/\/icp-it.dk\/de\/wp-json\/wp\/v2\/pages\/2004\/revisions"}],"predecessor-version":[{"id":2830,"href":"https:\/\/icp-it.dk\/de\/wp-json\/wp\/v2\/pages\/2004\/revisions\/2830"}],"wp:attachment":[{"href":"https:\/\/icp-it.dk\/de\/wp-json\/wp\/v2\/media?parent=2004"}],"curies":[{"name":"wp","href":"https:\/\/api.w.org\/{rel}","templated":true}]}}