{"id":3,"date":"2023-10-20T05:32:33","date_gmt":"2023-10-20T05:32:33","guid":{"rendered":"https:\/\/icp-it.yourfilescloud.com\/?page_id=3"},"modified":"2026-05-12T12:10:47","modified_gmt":"2026-05-12T11:10:47","slug":"datenschutzrichtlinie","status":"publish","type":"page","link":"https:\/\/icp-it.dk\/de\/privacy-policy\/","title":{"rendered":"Datenschutzrichtlinie"},"content":{"rendered":"<div data-elementor-type=\"wp-page\" data-elementor-id=\"3\" class=\"elementor elementor-3\" data-elementor-post-type=\"page\">\n\t\t\t\t<div class=\"elementor-element elementor-element-30ec84ac e-con-full e-flex e-con e-parent\" data-id=\"30ec84ac\" data-element_type=\"container\" data-e-type=\"container\">\n\t\t\t\t<div class=\"elementor-element elementor-element-5bda1da1 elementor-widget elementor-widget-text-editor\" data-id=\"5bda1da1\" data-element_type=\"widget\" data-e-type=\"widget\" data-widget_type=\"text-editor.default\">\n\t\t\t\t<div class=\"elementor-widget-container\">\n\t\t\t\t\t\t\t\t\t<p><strong>Kontaktinformation<\/strong><\/p>\n<p>ICP-IT ist der f\u00fcr die Verarbeitung Verantwortliche und wir stellen sicher, dass Ihre personenbezogenen Daten gesetzeskonform verarbeitet werden.<\/p>\n<p><strong>Verarbeitung personenbezogener Daten<\/strong><\/p>\n<p>Wenn wir Sie bitten, uns Ihre pers\u00f6nlichen Daten zur Verf\u00fcgung zu stellen, informieren wir Sie dar\u00fcber, welche Daten wir \u00fcber Sie verarbeiten und zu welchem Zweck. Diese Information erhalten Sie zum Zeitpunkt der Erhebung Ihrer pers\u00f6nlichen Daten.<\/p>\n<p><strong>Verwendung personenbezogener Daten<\/strong><\/p>\n<p>Wir nutzen Daten \u00fcber Sie in erster Linie zur Erf\u00fcllung der Vereinbarungen, die Sie mit uns treffen, und in zweiter Linie zur Verbesserung unseres Dienstes, zur Sicherung der Qualit\u00e4t unserer Produkte und Dienstleistungen, zur gezielten Vermarktung und in unserer Kommunikation mit Ihnen.<\/p>\n<p><strong>Pers\u00f6nliche Informationen<\/strong><\/p>\n<p>Zum Beispiel, wenn Sie eine Bewerbung einreichen, verarbeiten wir Ihre Bewerbung mit dem Ziel, zu beurteilen, ob wir Sie f\u00fcr die Stelle, auf die Sie sich beworben haben, als geeignet erachten. Wenn Sie sich an ICP-IT wenden, werden Ihre Informationen in vielen F\u00e4llen an relevante Partner weitergegeben, um die Vereinbarungen, die wir mit Ihnen treffen, zu erf\u00fcllen und unseren Service zu optimieren.<\/p>\n<p><strong>Informationen zur Website-Nutzung<\/strong><\/p>\n<p>Informationen dar\u00fcber, welche Seiten Sie auf der Website besuchen, und Ihre IP-Adresse werden in Protokolldateien und in Google Analytics gesammelt. Die Informationen werden zur Verbesserung des Erlebnisses auf unserer Website und zur technischen Fehlerbehebung verwendet. Die Informationen werden regelm\u00e4\u00dfig gel\u00f6scht, wenn sie dem urspr\u00fcnglichen Verarbeitungszweck nicht mehr dienen oder ihre Relevanz verlieren.<\/p>\n<p><strong>Datenrelevanz und Notwendigkeit<\/strong><\/p>\n<p>Wir verarbeiten nur solche Daten \u00fcber Sie, die f\u00fcr die oben genannten Zwecke relevant und ausreichend sind. Dasselbe gilt f\u00fcr den Umfang der personenbezogenen Daten, die wir verwenden. Wir verwenden beispielsweise nicht mehr Daten als f\u00fcr den jeweiligen Zweck erforderlich.<\/p>\n<p><strong>L\u00f6schung personenbezogener Daten<\/strong><\/p>\n<p>Wir l\u00f6schen Ihre personenbezogenen Daten, wenn sie f\u00fcr den Zweck, zu dem wir Ihre Daten erhoben, verarbeitet und gespeichert haben, nicht mehr erforderlich sind.<\/p>\n<p><strong>Einwilligung in die Datenverarbeitung<\/strong><\/p>\n<p>Wir holen Ihre Zustimmung ein, bevor wir Ihre pers\u00f6nlichen Daten f\u00fcr die oben genannten Zwecke verarbeiten, es sei denn, wir haben eine rechtliche Grundlage f\u00fcr deren Erhebung. Wir informieren Sie \u00fcber eine solche Grundlage und \u00fcber unser berechtigtes Interesse an der Verarbeitung Ihrer pers\u00f6nlichen Daten.<\/p>\n<p><strong>Datenoffenlegung<\/strong><\/p>\n<p>Wir geben Ihre pers\u00f6nlichen Daten nicht ohne Ihre Zustimmung weiter, es sei denn, wir sind gesetzlich dazu verpflichtet.<\/p>\n<p><strong>Sicherheit<\/strong><\/p>\n<p>Wir sch\u00fctzen Ihre pers\u00f6nlichen Daten und haben interne Regeln zur Informationssicherheit.<\/p>\n<p><strong>Deine Rechte<\/strong><\/p>\n<p>Sie haben das Recht, auf Ihre personenbezogenen Daten zuzugreifen, diese korrigieren oder l\u00f6schen zu lassen und der Verarbeitung Ihrer personenbezogenen Daten zu widersprechen.<\/p>\n<p><strong>Beschwerden<\/strong><\/p>\n<p>Sie haben das Recht, sich direkt bei ICP-IT zu beschweren. Ihre Beschwerde kann per E-Mail an info@icp-it.dk gesendet werden. Sie k\u00f6nnen sich auch bei der lokalen Aufsichtsbeh\u00f6rde \u00fcber die Verarbeitung Ihrer personenbezogenen Daten beschweren.<\/p>\n<h3>\u00a0<\/h3>\n<h3><strong>Cookie-Richtlinie<\/strong><\/h3>\n<p><strong>Cookies, Zweck und Relevanz<\/strong><\/p>\n<p>Wenn wir Cookies platzieren, werden Sie \u00fcber die Verwendung und den Zweck der Datenerhebung mittels Cookies informiert.<\/p>\n<p><strong>Cookie-Platzierung<\/strong><\/p>\n<p>Wir platzieren Cookies auf Ihrem Ger\u00e4t, um die Funktionen der Website zu optimieren, die Benutzerfreundlichkeit zu erh\u00f6hen, die Website im Allgemeinen zu verbessern und Marketingaktivit\u00e4ten zu steuern.<\/p>\n<p><strong>Google<\/strong><\/p>\n<p>Wenn Sie www.icp-it.com besuchen, wird Ihr Besuch zu statistischen Analysezwecken und zur Verbesserung unserer Website mit Google geteilt.<\/p>\n<p><strong>Facebook<\/strong><\/p>\n<p>Wenn Sie www.icp-it.com besuchen, wird Ihr Besuch zu statistischen Analysen und zur Verbesserung unserer Website mit Facebook geteilt.<\/p>\n<p><strong>Einwilligung zur Cookie-Platzierung<\/strong><\/p>\n<p>Bevor wir Cookies auf Ihrem Ger\u00e4t platzieren, bitten wir um Ihre Zustimmung. Notwendige Cookies f\u00fcr die Sicherung von Statistiken, Funktionalit\u00e4t und Einstellungen k\u00f6nnen jedoch ohne Ihre Zustimmung verwendet werden.<\/p>\n<p><strong>Dauer der Cookie-Speicherung<\/strong><\/p>\n<p>Cookies l\u00f6schen sich nach einer bestimmten Anzahl von Monaten von selbst (kann variieren), werden aber nach jedem Besuch erneuert.<!-- \/wp:paragraph --><\/p>\t\t\t\t\t\t\t\t<\/div>\n\t\t\t\t<\/div>\n\t\t\t\t<\/div>\n\t\t\t\t<\/div>","protected":false},"excerpt":{"rendered":"<p>Contact Information ICP-IT is the data controller, and we ensure that your personal data is processed in accordance with the law. Processing of Personal Data When we ask you to provide your personal data to us, we inform you about the data we process about you and for what purpose. You receive this information at [&hellip;]<\/p>\n","protected":false},"author":1,"featured_media":0,"parent":0,"menu_order":0,"comment_status":"closed","ping_status":"closed","template":"","meta":{"site-sidebar-layout":"default","site-content-layout":"","ast-site-content-layout":"default","site-content-style":"default","site-sidebar-style":"default","ast-global-header-display":"","ast-banner-title-visibility":"","ast-main-header-display":"","ast-hfb-above-header-display":"","ast-hfb-below-header-display":"","ast-hfb-mobile-header-display":"","site-post-title":"","ast-breadcrumbs-content":"","ast-featured-img":"","footer-sml-layout":"","ast-disable-related-posts":"","theme-transparent-header-meta":"disabled","adv-header-id-meta":"","stick-header-meta":"enabled","header-above-stick-meta":"","header-main-stick-meta":"disabled","header-below-stick-meta":"","astra-migrate-meta-layouts":"set","ast-page-background-enabled":"default","ast-page-background-meta":{"desktop":{"background-color":"","background-image":"","background-repeat":"repeat","background-position":"center center","background-size":"auto","background-attachment":"scroll","background-type":"","background-media":"","overlay-type":"","overlay-color":"","overlay-opacity":"","overlay-gradient":""},"tablet":{"background-color":"","background-image":"","background-repeat":"repeat","background-position":"center center","background-size":"auto","background-attachment":"scroll","background-type":"","background-media":"","overlay-type":"","overlay-color":"","overlay-opacity":"","overlay-gradient":""},"mobile":{"background-color":"","background-image":"","background-repeat":"repeat","background-position":"center center","background-size":"auto","background-attachment":"scroll","background-type":"","background-media":"","overlay-type":"","overlay-color":"","overlay-opacity":"","overlay-gradient":""}},"ast-content-background-meta":{"desktop":{"background-color":"var(--ast-global-color-5)","background-image":"","background-repeat":"repeat","background-position":"center center","background-size":"auto","background-attachment":"scroll","background-type":"","background-media":"","overlay-type":"","overlay-color":"","overlay-opacity":"","overlay-gradient":""},"tablet":{"background-color":"var(--ast-global-color-5)","background-image":"","background-repeat":"repeat","background-position":"center center","background-size":"auto","background-attachment":"scroll","background-type":"","background-media":"","overlay-type":"","overlay-color":"","overlay-opacity":"","overlay-gradient":""},"mobile":{"background-color":"var(--ast-global-color-5)","background-image":"","background-repeat":"repeat","background-position":"center center","background-size":"auto","background-attachment":"scroll","background-type":"","background-media":"","overlay-type":"","overlay-color":"","overlay-opacity":"","overlay-gradient":""}},"footnotes":""},"class_list":["post-3","page","type-page","status-publish","hentry"],"_links":{"self":[{"href":"https:\/\/icp-it.dk\/de\/wp-json\/wp\/v2\/pages\/3","targetHints":{"allow":["GET"]}}],"collection":[{"href":"https:\/\/icp-it.dk\/de\/wp-json\/wp\/v2\/pages"}],"about":[{"href":"https:\/\/icp-it.dk\/de\/wp-json\/wp\/v2\/types\/page"}],"author":[{"embeddable":true,"href":"https:\/\/icp-it.dk\/de\/wp-json\/wp\/v2\/users\/1"}],"replies":[{"embeddable":true,"href":"https:\/\/icp-it.dk\/de\/wp-json\/wp\/v2\/comments?post=3"}],"version-history":[{"count":17,"href":"https:\/\/icp-it.dk\/de\/wp-json\/wp\/v2\/pages\/3\/revisions"}],"predecessor-version":[{"id":2843,"href":"https:\/\/icp-it.dk\/de\/wp-json\/wp\/v2\/pages\/3\/revisions\/2843"}],"wp:attachment":[{"href":"https:\/\/icp-it.dk\/de\/wp-json\/wp\/v2\/media?parent=3"}],"curies":[{"name":"wp","href":"https:\/\/api.w.org\/{rel}","templated":true}]}}